{"id":604,"date":"2020-11-19T14:19:33","date_gmt":"2020-11-19T11:19:33","guid":{"rendered":"http:\/\/dryasinsakirgoker.com\/?page_id=9"},"modified":"2025-12-18T20:05:09","modified_gmt":"2025-12-18T17:05:09","slug":"ana-sayfa","status":"publish","type":"page","link":"https:\/\/dryasinsakirgoker.com\/eng\/","title":{"rendered":"Home"},"content":{"rendered":"<div class=\"wpb-content-wrapper\"><p>[vc_row full_width=&#8221;stretch_row_content_no_spaces&#8221; css=&#8221;.vc_custom_1657863732627{margin-top: 0px !important;margin-bottom: 0px !important;border-top-width: 0px !important;border-bottom-width: 0px !important;padding-top: 0px !important;padding-bottom: 0px !important;}&#8221;][vc_column css=&#8221;.vc_custom_1657863750790{margin-top: 0px !important;margin-bottom: 0px !important;border-top-width: 0px !important;border-bottom-width: 0px !important;padding-top: 0px !important;padding-bottom: 0px !important;}&#8221;][vc_single_image image=&#8221;877&#8243; img_size=&#8221;full&#8221; alignment=&#8221;center&#8221; css=&#8221;.vc_custom_1751451929598{margin-top: 0px !important;margin-bottom: 0px !important;border-top-width: 0px !important;border-bottom-width: 0px !important;padding-top: 0px !important;padding-bottom: 0px !important;}&#8221;][\/vc_column][\/vc_row][vc_row wrap_container=&#8221;yes&#8221; remove_margin_bottom=&#8221;yes&#8221; remove_padding_bottom=&#8221;yes&#8221; remove_border=&#8221;yes&#8221; el_class=&#8221;home-intro&#8221; css=&#8221;.vc_custom_1657863546672{margin-top: 0px !important;margin-bottom: 0px !important;border-bottom-width: 5px !important;padding-top: 10px !important;padding-bottom: 0px !important;background-color: #0088cc !important;}&#8221;][vc_column width=&#8221;2\/3&#8243; section_text_color=&#8221;light&#8221;][vc_column_text css_animation=&#8221;none&#8221; el_class=&#8221;m-b-none&#8221;]<strong><em><span style=\"color: #ffffff;\">Assoc. Prof. Dr. Yasin \u015eakir G\u00f6ker<\/span><\/em> <\/strong> <span style=\"color: #ffffff;\">Ophthalmologist, FEBO, FICO<\/span>[\/vc_column_text][\/vc_column][vc_column width=&#8221;1\/3&#8243; el_class=&#8221;get-started&#8221;][vc_btn title=&#8221;Contact us!&#8221; style=&#8221;3d&#8221; color=&#8221;white&#8221; size=&#8221;sm&#8221; align=&#8221;center&#8221; i_type=&#8221;material&#8221; i_icon_material=&#8221;vc-material vc-material-keyboard_arrow_right&#8221; css=&#8221;.vc_custom_1748804927831{background-color: #0088cc !important;}&#8221; add_icon=&#8221;true&#8221; css_animation=&#8221;none&#8221; link=&#8221;url:https%3A%2F%2Fdryasinsakirgoker.com%2Feng%2Fcontact%2F|title:%C4%B0leti%C5%9Fim&#8221;][\/vc_column][\/vc_row][vc_row el_class=&#8221;p-b-none&#8221;][vc_column section_text_color=&#8221;light&#8221;][vc_empty_space height=&#8221;20px&#8221;][vc_custom_heading text=&#8221;<strong>Specialties<\/strong>&#8221; font_container=&#8221;tag:h2|text_align:center&#8221; use_theme_fonts=&#8221;yes&#8221; css=&#8221;&#8221;]<div class=\"porto-portfolios porto-portfolioszda2 wpb_content_element  porto-portfolio-49a15b18bd4722017b499dda5053a7db\" data-appear-animation=\"pulse\">\r\n\t<div class=\"page-portfolios clearfix portfolios-grid wpb_custom_f766824d32289da1f974c4f6f5382936\" id=\"porto_portfolios_3i11\">\r\n\r\n\t\r\n\t\r\n\t\t\t<div class=\"portfolios-container portfolio-row portfolio-row-4 classic\">\r\n\r\n\t\r\n\t\t<article class=\"portfolio portfolio-grid portfolio-col-4 specialties post-805 type-portfolio status-publish has-post-thumbnail hentry portfolio_cat-specialties\">\n\t\t<span class=\"entry-title\" style=\"display: none;\">Premium Lenses<\/span><span class=\"vcard\" style=\"display: none;\"><span class=\"fn\"><a href=\"https:\/\/dryasinsakirgoker.com\/eng\/author\/onur\/\" title=\"onur taraf\u0131ndan yaz\u0131lan yaz\u0131lar\" rel=\"author\">onur<\/a><\/span><\/span><span class=\"updated\" style=\"display:none\">2026-01-06T11:02:43+03:00<\/span>\t\t<div class=\"portfolio-item default\">\n\t\t\t\n\t\t\t<a class=\"text-decoration-none portfolio-link\" href=\"https:\/\/dryasinsakirgoker.com\/eng\/specialties\/premium-lenses-turkey\/\">\n\t\t\t\t<span class=\"thumb-info thumb-info-lighten\">\n\t\t\t\t\t<span class=\"thumb-info-wrapper\">\n\t\t\t\t\t\t\t\t\t\t\t\t\t\t\t<img decoding=\"async\" class=\"img-responsive\" src=\"https:\/\/dryasinsakirgoker.com\/eng\/wp-content\/uploads\/2025\/05\/Premium-Lenses-400x300.jpg\" alt=\"\" width=\"400\" height=\"300\" \/>\n\t\t\t\t\t\t\t\t\t\n\t\t\t\t\t\t\n\t\t\t\t\t\t\n\t\t\t\t\t\t\t\t\t\t\t\t\t\t\t\t<span class=\"thumb-info-title\">\n\n\t\t\t\t\t\t\t\t\t\t<span class=\"thumb-info-inner\">Premium Lenses<\/span>\n\n\t\t\t\t\t\t\t\t\t\t\t\t\t\t\t\t\t\t\t\t\t<span class=\"thumb-info-type\">Specialties<\/span>\n\t\t\t\t\t\t\t\t\t\t\n\t\t\t\t\t\t\t\t\t<\/span>\n\t\t\t\t\t\t\t\t\t\t\t\t\t\t\t\t\t\t\t\t\t\t\t\t\t\t\t<span class=\"thumb-info-action\">\n\t\t\t\t\t\t\t\t\t\t\t\t\t\t\t\t\t<span class=\"thumb-info-action-icon thumb-info-action-icon-dark opacity-8\"><i class=\"fa fa-link\"><\/i><\/span>\n\t\t\t\t\t\t\t\t\t\t\t\t\t\t\t\t\t\t\t\t\t\t\t<\/span>\n\t\t\t\t\t\t\t\t\t\t\t\t\t\t\t\t\t<\/span>\n\t\t\t\t<\/span>\n\t\t\t<\/a>\n\t\t\t\t\t\t\t\t<\/div>\n\t<\/article>\n\t\t<article class=\"portfolio portfolio-grid portfolio-col-4 specialties post-794 type-portfolio status-publish has-post-thumbnail hentry portfolio_cat-specialties\">\n\t\t<span class=\"entry-title\" style=\"display: none;\">Laser Eye Surgery<\/span><span class=\"vcard\" style=\"display: none;\"><span class=\"fn\"><a href=\"https:\/\/dryasinsakirgoker.com\/eng\/author\/onur\/\" title=\"onur taraf\u0131ndan yaz\u0131lan yaz\u0131lar\" rel=\"author\">onur<\/a><\/span><\/span><span class=\"updated\" style=\"display:none\">2026-01-06T10:56:35+03:00<\/span>\t\t<div class=\"portfolio-item default\">\n\t\t\t\n\t\t\t<a class=\"text-decoration-none portfolio-link\" href=\"https:\/\/dryasinsakirgoker.com\/eng\/specialties\/laser-eye-surgery-turkey\/\">\n\t\t\t\t<span class=\"thumb-info thumb-info-lighten\">\n\t\t\t\t\t<span class=\"thumb-info-wrapper\">\n\t\t\t\t\t\t\t\t\t\t\t\t\t\t\t<img decoding=\"async\" class=\"img-responsive\" src=\"https:\/\/dryasinsakirgoker.com\/eng\/wp-content\/uploads\/2025\/05\/Laser-Eye-Surgery-400x300.jpg\" alt=\"\" width=\"400\" height=\"300\" \/>\n\t\t\t\t\t\t\t\t\t\n\t\t\t\t\t\t\n\t\t\t\t\t\t\n\t\t\t\t\t\t\t\t\t\t\t\t\t\t\t\t<span class=\"thumb-info-title\">\n\n\t\t\t\t\t\t\t\t\t\t<span class=\"thumb-info-inner\">Laser Eye Surgery<\/span>\n\n\t\t\t\t\t\t\t\t\t\t\t\t\t\t\t\t\t\t\t\t\t<span class=\"thumb-info-type\">Specialties<\/span>\n\t\t\t\t\t\t\t\t\t\t\n\t\t\t\t\t\t\t\t\t<\/span>\n\t\t\t\t\t\t\t\t\t\t\t\t\t\t\t\t\t\t\t\t\t\t\t\t\t\t\t<span class=\"thumb-info-action\">\n\t\t\t\t\t\t\t\t\t\t\t\t\t\t\t\t\t<span class=\"thumb-info-action-icon thumb-info-action-icon-dark opacity-8\"><i class=\"fa fa-link\"><\/i><\/span>\n\t\t\t\t\t\t\t\t\t\t\t\t\t\t\t\t\t\t\t\t\t\t\t<\/span>\n\t\t\t\t\t\t\t\t\t\t\t\t\t\t\t\t\t<\/span>\n\t\t\t\t<\/span>\n\t\t\t<\/a>\n\t\t\t\t\t\t\t\t<\/div>\n\t<\/article>\n\t\t<article class=\"portfolio portfolio-grid portfolio-col-4 specialties post-791 type-portfolio status-publish has-post-thumbnail hentry portfolio_cat-specialties\">\n\t\t<span class=\"entry-title\" style=\"display: none;\">Excimer Laser<\/span><span class=\"vcard\" style=\"display: none;\"><span class=\"fn\"><a href=\"https:\/\/dryasinsakirgoker.com\/eng\/author\/onur\/\" title=\"onur taraf\u0131ndan yaz\u0131lan yaz\u0131lar\" rel=\"author\">onur<\/a><\/span><\/span><span class=\"updated\" style=\"display:none\">2026-01-06T11:04:31+03:00<\/span>\t\t<div class=\"portfolio-item default\">\n\t\t\t\n\t\t\t<a class=\"text-decoration-none portfolio-link\" href=\"https:\/\/dryasinsakirgoker.com\/eng\/specialties\/excimer-laser-turkey\/\">\n\t\t\t\t<span class=\"thumb-info thumb-info-lighten\">\n\t\t\t\t\t<span class=\"thumb-info-wrapper\">\n\t\t\t\t\t\t\t\t\t\t\t\t\t\t\t<img decoding=\"async\" class=\"img-responsive\" src=\"https:\/\/dryasinsakirgoker.com\/eng\/wp-content\/uploads\/2025\/05\/Excimer-Laser-Treatment-Turkey-400x300.jpg\" alt=\"\" width=\"400\" height=\"300\" \/>\n\t\t\t\t\t\t\t\t\t\n\t\t\t\t\t\t\n\t\t\t\t\t\t\n\t\t\t\t\t\t\t\t\t\t\t\t\t\t\t\t<span class=\"thumb-info-title\">\n\n\t\t\t\t\t\t\t\t\t\t<span class=\"thumb-info-inner\">Excimer Laser<\/span>\n\n\t\t\t\t\t\t\t\t\t\t\t\t\t\t\t\t\t\t\t\t\t<span class=\"thumb-info-type\">Specialties<\/span>\n\t\t\t\t\t\t\t\t\t\t\n\t\t\t\t\t\t\t\t\t<\/span>\n\t\t\t\t\t\t\t\t\t\t\t\t\t\t\t\t\t\t\t\t\t\t\t\t\t\t\t<span class=\"thumb-info-action\">\n\t\t\t\t\t\t\t\t\t\t\t\t\t\t\t\t\t<span class=\"thumb-info-action-icon thumb-info-action-icon-dark opacity-8\"><i class=\"fa fa-link\"><\/i><\/span>\n\t\t\t\t\t\t\t\t\t\t\t\t\t\t\t\t\t\t\t\t\t\t\t<\/span>\n\t\t\t\t\t\t\t\t\t\t\t\t\t\t\t\t\t<\/span>\n\t\t\t\t<\/span>\n\t\t\t<\/a>\n\t\t\t\t\t\t\t\t<\/div>\n\t<\/article>\n\t\t<article class=\"portfolio portfolio-grid portfolio-col-4 specialties post-790 type-portfolio status-publish has-post-thumbnail hentry portfolio_cat-specialties\">\n\t\t<span class=\"entry-title\" style=\"display: none;\">Cataract Surgery<\/span><span class=\"vcard\" style=\"display: none;\"><span class=\"fn\"><a href=\"https:\/\/dryasinsakirgoker.com\/eng\/author\/onur\/\" title=\"onur taraf\u0131ndan yaz\u0131lan yaz\u0131lar\" rel=\"author\">onur<\/a><\/span><\/span><span class=\"updated\" style=\"display:none\">2025-12-30T18:27:06+03:00<\/span>\t\t<div class=\"portfolio-item default\">\n\t\t\t\n\t\t\t<a class=\"text-decoration-none portfolio-link\" href=\"https:\/\/dryasinsakirgoker.com\/eng\/specialties\/cataract-surgery-turkey\/\">\n\t\t\t\t<span class=\"thumb-info thumb-info-lighten\">\n\t\t\t\t\t<span class=\"thumb-info-wrapper\">\n\t\t\t\t\t\t\t\t\t\t\t\t\t\t\t<img decoding=\"async\" class=\"img-responsive\" src=\"https:\/\/dryasinsakirgoker.com\/eng\/wp-content\/uploads\/2025\/05\/Cataract-Surgery-400x300.jpg\" alt=\"\" width=\"400\" height=\"300\" \/>\n\t\t\t\t\t\t\t\t\t\n\t\t\t\t\t\t\n\t\t\t\t\t\t\n\t\t\t\t\t\t\t\t\t\t\t\t\t\t\t\t<span class=\"thumb-info-title\">\n\n\t\t\t\t\t\t\t\t\t\t<span class=\"thumb-info-inner\">Cataract Surgery<\/span>\n\n\t\t\t\t\t\t\t\t\t\t\t\t\t\t\t\t\t\t\t\t\t<span class=\"thumb-info-type\">Specialties<\/span>\n\t\t\t\t\t\t\t\t\t\t\n\t\t\t\t\t\t\t\t\t<\/span>\n\t\t\t\t\t\t\t\t\t\t\t\t\t\t\t\t\t\t\t\t\t\t\t\t\t\t\t<span class=\"thumb-info-action\">\n\t\t\t\t\t\t\t\t\t\t\t\t\t\t\t\t\t<span class=\"thumb-info-action-icon thumb-info-action-icon-dark opacity-8\"><i class=\"fa fa-link\"><\/i><\/span>\n\t\t\t\t\t\t\t\t\t\t\t\t\t\t\t\t\t\t\t\t\t\t\t<\/span>\n\t\t\t\t\t\t\t\t\t\t\t\t\t\t\t\t\t<\/span>\n\t\t\t\t<\/span>\n\t\t\t<\/a>\n\t\t\t\t\t\t\t\t<\/div>\n\t<\/article>\n\t\r\n\t\r\n\t\r\n\t\t<\/div>\r\n\r\n\t\r\n\t\r\n\t<\/div>\r\n\r\n\t\r\n\t\r\n\t<\/div>[\/vc_column][\/vc_row][vc_row wrap_container=&#8221;yes&#8221; bg_type=&#8221;bg_color&#8221; bg_color_value=&#8221;#f4f4f4&#8243;][vc_column width=&#8221;2\/3&#8243;][vc_custom_heading text=&#8221;<strong>Yasin \u015eakir G\u00f6ker MD<\/strong>&#8221; use_theme_fonts=&#8221;yes&#8221;][vc_column_text]I was born in Ankara in 1984. I completed my elementary education at \u00c7i\u011filtepe Elementary School and Tevfik \u0130leri Elementary School in Ankara. I finished my secondary education at Ankara Atat\u00fcrk High School, and my high school education at Kuleli Military High School. I completed the first 5 years of my medical education at G\u00fclhane Military Medical Faculty between 2003 and 2008. I graduated in 2009 after completing my internship year, which is the 6th year of medical training, at Trakya University Faculty of Medicine. While continuing my mandatory service at the Ertu\u011frul Gazi Health Center in G\u00f6lba\u015f\u0131, Ankara, I ranked 37th in Turkey in the Medical Specialty Exam and began my ophthalmology specialization at SB. Beyo\u011flu Eye Training and Research Hospital.<\/p>\n<p>Between 2010 and 2014, I completed my specialist training with a thesis titled \u201cThe Effect of Perifoveal Pseudocysts on Anatomical Success in Macular Hole Surgery.\u201d I briefly worked as an ophthalmologist at \u00c7erkezk\u00f6y State Hospital. From 2015 to 2020, I served as a specialist at SB. Ulucanlar Eye Training and Research Hospital, one of Turkey\u2019s other eye hospitals. I received the title of Associate Professor in Ophthalmology at the same hospital in 2020. Between 2020 and 2022. I worked at Ankara World Eye Hospital, another eye hospital. In 2022, I established my own clinic, where I am currently practicing. <a href=\"https:\/\/dryasinsakirgoker.com\/eng\/about-me\/\"><strong>Read more&#8230;<\/strong><\/a>[\/vc_column_text][\/vc_column][vc_column width=&#8221;1\/3&#8243;][vc_single_image image=&#8221;374&#8243; img_size=&#8221;full&#8221; alignment=&#8221;center&#8221;][\/vc_column][\/vc_row][vc_row wrap_container=&#8221;yes&#8221; bg_type=&#8221;bg_color&#8221; bg_color_value=&#8221;#f4f4f4&#8243; css=&#8221;.vc_custom_1511707406088{background-color: #f4f4f4 !important;}&#8221;][vc_column][vc_empty_space height=&#8221;20px&#8221;]\n<div class=\"wpcf7 no-js\" id=\"wpcf7-f846-o1\" lang=\"tr-TR\" dir=\"ltr\" data-wpcf7-id=\"846\">\n<div class=\"screen-reader-response\"><p role=\"status\" aria-live=\"polite\" aria-atomic=\"true\"><\/p> <ul><\/ul><\/div>\n<form action=\"\/eng\/wp-json\/wp\/v2\/pages\/604#wpcf7-f846-o1\" method=\"post\" class=\"wpcf7-form init\" aria-label=\"\u0130leti\u015fim Formu\" novalidate=\"novalidate\" data-status=\"init\">\n<fieldset class=\"hidden-fields-container\"><input type=\"hidden\" name=\"_wpcf7\" value=\"846\" \/><input type=\"hidden\" name=\"_wpcf7_version\" value=\"6.1.5\" \/><input type=\"hidden\" name=\"_wpcf7_locale\" value=\"tr_TR\" \/><input type=\"hidden\" name=\"_wpcf7_unit_tag\" value=\"wpcf7-f846-o1\" \/><input type=\"hidden\" name=\"_wpcf7_container_post\" value=\"0\" \/><input type=\"hidden\" name=\"_wpcf7_posted_data_hash\" value=\"\" \/>\n<\/fieldset>\n<h2 class=\"short\"><strong>Contact Form<\/strong>\n<\/h2>\n<div class=\"row\">\n\t<div class=\"col-md-6\">\n\t\t<div class=\"form-group\">\n\t\t\t<p><label for=\"contact-name\">Name *<\/label><br \/>\n<span class=\"wpcf7-form-control-wrap\" data-name=\"your-name\"><input size=\"40\" maxlength=\"400\" class=\"wpcf7-form-control wpcf7-text wpcf7-validates-as-required form-control\" id=\"contact-name\" aria-required=\"true\" aria-invalid=\"false\" value=\"\" type=\"text\" name=\"your-name\" \/><\/span>\n\t\t\t<\/p>\n\t\t<\/div>\n\t<\/div>\n\t<div class=\"col-md-6\">\n\t\t<div class=\"form-group\">\n\t\t\t<p><label for=\"contact-email\">E-mail *<\/label><br \/>\n<span class=\"wpcf7-form-control-wrap\" data-name=\"your-email\"><input size=\"40\" maxlength=\"400\" class=\"wpcf7-form-control wpcf7-email wpcf7-validates-as-required wpcf7-text wpcf7-validates-as-email form-control\" id=\"contact-email\" aria-required=\"true\" aria-invalid=\"false\" value=\"\" type=\"email\" name=\"your-email\" \/><\/span>\n\t\t\t<\/p>\n\t\t<\/div>\n\t<\/div>\n\t<div class=\"col-md-6\">\n\t\t<div class=\"form-group\">\n\t\t\t<p><label for=\"contact-subject\">Phone *<\/label><br \/>\n<span class=\"wpcf7-form-control-wrap\" data-name=\"tel-588\"><input size=\"40\" maxlength=\"400\" class=\"wpcf7-form-control wpcf7-tel wpcf7-validates-as-required wpcf7-text wpcf7-validates-as-tel form-control\" id=\"contact-subject\" aria-required=\"true\" aria-invalid=\"false\" value=\"\" type=\"tel\" name=\"tel-588\" \/><\/span>\n\t\t\t<\/p>\n\t\t<\/div>\n\t<\/div>\n\t<div class=\"col-md-6\">\n\t\t<div class=\"form-group\">\n\t\t\t<p><label for=\"contact-subject\">Subject *<\/label><br \/>\n<span class=\"wpcf7-form-control-wrap\" data-name=\"your-subject\"><input size=\"40\" maxlength=\"400\" class=\"wpcf7-form-control wpcf7-text wpcf7-validates-as-required form-control\" aria-required=\"true\" aria-invalid=\"false\" value=\"\" type=\"text\" name=\"your-subject\" \/><\/span>\n\t\t\t<\/p>\n\t\t<\/div>\n\t<\/div>\n\t<div class=\"col-md-12\">\n\t\t<div class=\"form-group\">\n\t\t\t<p><label for=\"contact-message\">Message *<\/label><br \/>\n<span class=\"wpcf7-form-control-wrap\" data-name=\"your-message\"><textarea cols=\"40\" rows=\"10\" maxlength=\"2000\" class=\"wpcf7-form-control wpcf7-textarea wpcf7-validates-as-required form-control\" id=\"contact-message\" aria-required=\"true\" aria-invalid=\"false\" name=\"your-message\"><\/textarea><\/span>\n\t\t\t<\/p>\n\t\t<\/div>\n\t<\/div>\n\t<div class=\"col-md-6\">\n\t\t<div class=\"form-group\">\n\t\t\t<p><span class=\"wpcf7-form-control-wrap\" data-name=\"Security\"><label><span class=\"wpcf7-quiz-label\">2x2=<\/span> <input size=\"40\" class=\"wpcf7-form-control wpcf7-quiz\" autocomplete=\"off\" aria-required=\"true\" aria-invalid=\"false\" type=\"text\" name=\"Security\" \/><\/label><input type=\"hidden\" name=\"_wpcf7_quiz_answer_Security\" value=\"f24ba3cb9f3f4e1932d96a3804a6b07e\" \/><\/span>\n\t\t\t<\/p>\n\t\t\t<p><input class=\"wpcf7-form-control wpcf7-submit has-spinner btn btn-primary btn-lg\" type=\"submit\" value=\"Submit\" \/>\n\t\t\t<\/p>\n\t\t<\/div>\n\t<\/div>\n<\/div><p style=\"display: none !important;\" class=\"akismet-fields-container\" data-prefix=\"_wpcf7_ak_\"><label>&#916;<textarea name=\"_wpcf7_ak_hp_textarea\" cols=\"45\" rows=\"8\" maxlength=\"100\"><\/textarea><\/label><input type=\"hidden\" id=\"ak_js_1\" name=\"_wpcf7_ak_js\" value=\"133\"\/><script>document.getElementById( \"ak_js_1\" ).setAttribute( \"value\", ( new Date() ).getTime() );<\/script><\/p><div class=\"wpcf7-response-output\" aria-hidden=\"true\"><\/div>\n<\/form>\n<\/div>\n[vc_empty_space height=&#8221;20px&#8221;][\/vc_column][\/vc_row]<\/p>\n<\/div>","protected":false},"excerpt":{"rendered":"<p>[vc_row full_width=&#8221;stretch_row_content_no_spaces&#8221; css=&#8221;.vc_custom_1657863732627{margin-top: 0px !important;margin-bottom: 0px !important;border-top-width: 0px !important;border-bottom-width: 0px !important;padding-top: 0px !important;padding-bottom: 0px !important;}&#8221;][vc_column css=&#8221;.vc_custom_1657863750790{margin-top: 0px !important;margin-bottom: 0px !important;border-top-width: 0px !important;border-bottom-width: 0px !important;padding-top: 0px !important;padding-bottom: 0px !important;}&#8221;][vc_single_image image=&#8221;877&#8243; img_size=&#8221;full&#8221; alignment=&#8221;center&#8221; css=&#8221;.vc_custom_1751451929598{margin-top: 0px !important;margin-bottom: 0px !important;border-top-width: 0px !important;border-bottom-width: 0px !important;padding-top: 0px !important;padding-bottom: 0px !important;}&#8221;][\/vc_column][\/vc_row][vc_row wrap_container=&#8221;yes&#8221; remove_margin_bottom=&#8221;yes&#8221; remove_padding_bottom=&#8221;yes&#8221; remove_border=&#8221;yes&#8221; el_class=&#8221;home-intro&#8221; css=&#8221;.vc_custom_1657863546672{margin-top: 0px !important;margin-bottom: 0px !important;border-bottom-width: 5px [&hellip;]<\/p>\n","protected":false},"author":1,"featured_media":0,"parent":0,"menu_order":0,"comment_status":"closed","ping_status":"closed","template":"","meta":{"footnotes":""},"class_list":["post-604","page","type-page","status-publish","hentry"],"aioseo_notices":[],"_links":{"self":[{"href":"https:\/\/dryasinsakirgoker.com\/eng\/wp-json\/wp\/v2\/pages\/604","targetHints":{"allow":["GET"]}}],"collection":[{"href":"https:\/\/dryasinsakirgoker.com\/eng\/wp-json\/wp\/v2\/pages"}],"about":[{"href":"https:\/\/dryasinsakirgoker.com\/eng\/wp-json\/wp\/v2\/types\/page"}],"author":[{"embeddable":true,"href":"https:\/\/dryasinsakirgoker.com\/eng\/wp-json\/wp\/v2\/users\/1"}],"replies":[{"embeddable":true,"href":"https:\/\/dryasinsakirgoker.com\/eng\/wp-json\/wp\/v2\/comments?post=604"}],"version-history":[{"count":0,"href":"https:\/\/dryasinsakirgoker.com\/eng\/wp-json\/wp\/v2\/pages\/604\/revisions"}],"wp:attachment":[{"href":"https:\/\/dryasinsakirgoker.com\/eng\/wp-json\/wp\/v2\/media?parent=604"}],"curies":[{"name":"wp","href":"https:\/\/api.w.org\/{rel}","templated":true}]}}