{"id":12,"date":"2020-11-19T14:20:40","date_gmt":"2020-11-19T11:20:40","guid":{"rendered":"http:\/\/dryasinsakirgoker.com\/?page_id=12"},"modified":"2025-07-08T09:31:17","modified_gmt":"2025-07-08T06:31:17","slug":"about-me","status":"publish","type":"page","link":"https:\/\/dryasinsakirgoker.com\/eng\/about-me\/","title":{"rendered":"About me"},"content":{"rendered":"<div class=\"wpb-content-wrapper\"><p>[vc_row][vc_column][vc_column_text]<span style=\"font-size: 26px;\"><strong>Assoc. Prof. Dr. Yasin \u015eakir G\u00f6ker<br \/>\n<\/strong><span style=\"font-size: 20px;\">Ophthalmologist, FEBO, FICO <\/span><\/span><\/p>\n<hr \/>\n<p><img decoding=\"async\" class=\"alignright wp-image-596\" src=\"https:\/\/dryasinsakirgoker.com\/eng\/wp-content\/uploads\/2023\/01\/yasin-goker-1.webp\" alt=\"\" width=\"346\" height=\"443\" \/><\/p>\n<p>I was born in Ankara in 1984. I completed my elementary education at \u00c7i\u011filtepe Elementary School and Tevfik \u0130leri Elementary School in Ankara. I finished my secondary education at Ankara Atat\u00fcrk High School, and my high school education at Kuleli Military High School. I completed the first 5 years of my medical education at G\u00fclhane Military Medical Faculty between 2003 and 2008. I graduated in 2009 after completing my internship year, which is the 6th year of medical training, at Trakya University Faculty of Medicine. While continuing my mandatory service at the Ertu\u011frul Gazi Health Center in G\u00f6lba\u015f\u0131, Ankara, I ranked 37th in Turkey in the Medical Specialty Exam and began my ophthalmology specialization at SB. Beyo\u011flu Eye Training and Research Hospital.<\/p>\n<p>Between 2010 and 2014, I completed my specialist training with a thesis titled &#8220;The Effect of Perifoveal Pseudocysts on Anatomical Success in Macular Hole Surgery.&#8221; I briefly worked as an ophthalmologist at \u00c7erkezk\u00f6y State Hospital. From 2015 to 2020, I served as a specialist at SB. Ulucanlar Eye Training and Research Hospital, one of Turkey&#8217;s other eye hospitals. I received the title of Associate Professor in Ophthalmology at the same hospital in 2020. Between 2020 and 2022, I worked at Ankara World Eye Hospital, another eye hospital. In 2022, I established my own clinic, where I am currently practicing. During my specialization, I examined thousands of patients at Beyo\u011flu Eye Hospital and received training in many refractive procedures, including Clear Lens Surgery, PRK \u2013 Trans-PRK (No Touch) Laser, Femtosecond Laser with Flap surgeries (LASIK), Third Generation Laser Therapy (SMILE), Phakic Intraocular Lens implantation, and secondary intraocular lens implantation.<\/p>\n<p>Since 2016, I have been working as a Retina specialist at Ulucanlar Eye Hospital. I performed many vitreoretinal surgeries, including retinal detachment surgery, macular hole and epiretinal membrane surgeries, and intravitreal hemorrhages. During this time, I examined and treated thousands of retina patients. In 2018, I attended education at the Venice Ophthalmology Summer School led by Prof. Dr. Edoardo Midena. I have several scientific publications in national and international journals.<\/p>\n<p>I am married and have two sons named Ya\u011f\u0131z and Yi\u011fit. I enjoy skiing, and water sports are among my biggest hobbies. [\/vc_column_text][\/vc_column][\/vc_row]<\/p>\n<\/div>","protected":false},"excerpt":{"rendered":"<p>[vc_row][vc_column][vc_column_text]Assoc. Prof. Dr. Yasin \u015eakir G\u00f6ker Ophthalmologist, FEBO, FICO I was born in Ankara in 1984. I completed my elementary education at \u00c7i\u011filtepe Elementary School and Tevfik \u0130leri Elementary School in Ankara. I finished my secondary education at Ankara Atat\u00fcrk High School, and my high school education at Kuleli Military High School. I completed the [&hellip;]<\/p>\n","protected":false},"author":1,"featured_media":0,"parent":0,"menu_order":0,"comment_status":"closed","ping_status":"closed","template":"","meta":{"footnotes":""},"class_list":["post-12","page","type-page","status-publish","hentry"],"aioseo_notices":[],"_links":{"self":[{"href":"https:\/\/dryasinsakirgoker.com\/eng\/wp-json\/wp\/v2\/pages\/12","targetHints":{"allow":["GET"]}}],"collection":[{"href":"https:\/\/dryasinsakirgoker.com\/eng\/wp-json\/wp\/v2\/pages"}],"about":[{"href":"https:\/\/dryasinsakirgoker.com\/eng\/wp-json\/wp\/v2\/types\/page"}],"author":[{"embeddable":true,"href":"https:\/\/dryasinsakirgoker.com\/eng\/wp-json\/wp\/v2\/users\/1"}],"replies":[{"embeddable":true,"href":"https:\/\/dryasinsakirgoker.com\/eng\/wp-json\/wp\/v2\/comments?post=12"}],"version-history":[{"count":0,"href":"https:\/\/dryasinsakirgoker.com\/eng\/wp-json\/wp\/v2\/pages\/12\/revisions"}],"wp:attachment":[{"href":"https:\/\/dryasinsakirgoker.com\/eng\/wp-json\/wp\/v2\/media?parent=12"}],"curies":[{"name":"wp","href":"https:\/\/api.w.org\/{rel}","templated":true}]}}